{"id":7,"date":"2021-09-06T14:16:11","date_gmt":"2021-09-06T14:16:11","guid":{"rendered":"https:\/\/jarabedemicro.com\/?page_id=7"},"modified":"2023-10-16T11:45:28","modified_gmt":"2023-10-16T09:45:28","slug":"inicio","status":"publish","type":"page","link":"https:\/\/jarabedemicro.com\/","title":{"rendered":"Inicio"},"content":{"rendered":"\n<p class=\"has-text-align-center\">\u00a1Bienvenidos!<\/p>\n\n\n\n<p class=\"has-text-align-center\">Aqu\u00ed encontrar\u00e1s nuestras charlas con autores de sus libros y mucho m\u00e1s.<\/p>\n\n\n\n<p class=\"has-text-align-center\">\u00a1Os esperamos!<\/p>\n\n\n\n<p class=\"has-text-align-center\"><strong>Jarabe de micro, una charla sin pretensiones.<\/strong><\/p>\n","protected":false},"excerpt":{"rendered":"<p>\u00a1Bienvenidos! Aqu\u00ed encontrar\u00e1s nuestras charlas con autores de sus libros y mucho m\u00e1s. \u00a1Os esperamos! Jarabe de micro, una charla sin pretensiones.<\/p>\n","protected":false},"author":1,"featured_media":0,"parent":0,"menu_order":0,"comment_status":"closed","ping_status":"closed","template":"","meta":{"_monsterinsights_skip_tracking":false,"_monsterinsights_sitenote_active":false,"_monsterinsights_sitenote_note":"","_monsterinsights_sitenote_category":0,"footnotes":""},"class_list":["post-7","page","type-page","status-publish"],"_links":{"self":[{"href":"https:\/\/jarabedemicro.com\/index.php\/wp-json\/wp\/v2\/pages\/7","targetHints":{"allow":["GET"]}}],"collection":[{"href":"https:\/\/jarabedemicro.com\/index.php\/wp-json\/wp\/v2\/pages"}],"about":[{"href":"https:\/\/jarabedemicro.com\/index.php\/wp-json\/wp\/v2\/types\/page"}],"author":[{"embeddable":true,"href":"https:\/\/jarabedemicro.com\/index.php\/wp-json\/wp\/v2\/users\/1"}],"replies":[{"embeddable":true,"href":"https:\/\/jarabedemicro.com\/index.php\/wp-json\/wp\/v2\/comments?post=7"}],"version-history":[{"count":16,"href":"https:\/\/jarabedemicro.com\/index.php\/wp-json\/wp\/v2\/pages\/7\/revisions"}],"predecessor-version":[{"id":485,"href":"https:\/\/jarabedemicro.com\/index.php\/wp-json\/wp\/v2\/pages\/7\/revisions\/485"}],"wp:attachment":[{"href":"https:\/\/jarabedemicro.com\/index.php\/wp-json\/wp\/v2\/media?parent=7"}],"curies":[{"name":"wp","href":"https:\/\/api.w.org\/{rel}","templated":true}]}}